{"id":1722,"date":"2021-10-03T10:28:23","date_gmt":"2021-10-03T14:28:23","guid":{"rendered":"https:\/\/inho.agenceanicca.com\/politique-de-confidentialite\/"},"modified":"2021-10-07T16:28:25","modified_gmt":"2021-10-07T20:28:25","slug":"politique-de-confidentialite","status":"publish","type":"page","link":"https:\/\/investirdanslhomme.org\/fr\/politique-de-confidentialite\/","title":{"rendered":"Politique de confidentialit\u00e9"},"content":{"rendered":"<p><div class=\"fusion-fullwidth fullwidth-box fusion-builder-row-1 fusion-flex-container nonhundred-percent-fullwidth non-hundred-percent-height-scrolling\" style=\"background-color: rgba(255,255,255,0);background-position: center center;background-repeat: no-repeat;border-width: 0px 0px 0px 0px;border-color:#eae9e9;border-style:solid;\" ><style type=\"text\/css\">.fusion-body .fusion-flex-container.fusion-builder-row-1{ padding-top : 100px;margin-top : 0px;padding-right : 0px;padding-bottom : 0px;margin-bottom : 0px;padding-left : 0px;}<\/style><\/div><div class=\"fusion-builder-row fusion-row fusion-flex-align-items-flex-start\" style=\"max-width:1216.8px;margin-left: calc(-4% \/ 2 );margin-right: calc(-4% \/ 2 );\"><\/div><div class=\"fusion-layout-column fusion_builder_column fusion-builder-column-0 fusion_builder_column_1_1 1_1 fusion-one-full fusion-column-first fusion-column-last\" style=\"width:100%;margin-top:0px;margin-bottom:0px;\"><div class=\"fusion-column-wrapper fusion-flex-column-wrapper-legacy\" style=\"background-position:left top;background-repeat:no-repeat;-webkit-background-size:cover;-moz-background-size:cover;-o-background-size:cover;background-size:cover;padding: 0px 0px 0px 0px;\"><div class=\"fusion-clearfix\"><\/div><\/div><\/div><style type=\"text\/css\"><\/style><div class=\"fusion-title title fusion-title-1 fusion-sep-none fusion-title-text fusion-title-size-one\" style=\"margin-top:0px;margin-right:0px;margin-bottom:31px;margin-left:0px;\"><h1 class=\"title-heading-left\" style=\"margin:0;\"><br \/>\nPolitique de confidentialit\u00e9<br \/><\/h1><\/div><div class=\"fusion-text fusion-text-1\"><\/div><\/p>\n&#13;\n<p><strong>Last updated on May 1, 2020<\/strong><\/p>&#13;\n<p>Welcome to the INHO website.<br\/>Faced with the development of new communication tools, it is necessary to pay particular attention to the protection of privacy. That is why we are committed to respecting the confidentiality of the personal information we collect.<\/p>&#13;\n<p><strong>Collection of personal information<\/strong><\/p>&#13;\n<p>We collect the following information:<\/p>&#13;\n<ul>&#13;\n<li>Last name<\/li>&#13;\n<li>First name<\/li>&#13;\n<li>Email address<\/li>&#13;\n<li>Telephone<\/li>&#13;\n<\/ul>&#13;\n<p>The personal information we collect is collected through forms and through the interactivity established between you and our website. We also use, as described in the following section, cookies and \/ or logs to collect information about you.<\/p>&#13;\n<p><strong>Forms and interactivity:<\/strong><\/p>&#13;\n<p>Your personal information is collected using a form, namely:<\/p>&#13;\n<ul>&#13;\n<li>Website registration form<\/li>&#13;\n<\/ul>&#13;\n<p>We use the information thus collected for the following purposes:<\/p>&#13;\n<ul>&#13;\n<li>Statistics<\/li>&#13;\n<li>Contact<\/li>&#13;\n<li>Website management (presentation, organization)<\/li>&#13;\n<\/ul>&#13;\n<p>Your information is also collected through the interactivity that can be established between you and our website, as follows:<\/p>&#13;\n<ul>&#13;\n<li>Statistics<\/li>&#13;\n<li>Contact<\/li>&#13;\n<li>Website management (presentation, organization)<\/li>&#13;\n<\/ul>&#13;\n<p>We use the information thus collected for the following purposes:<\/p>&#13;\n<ul>&#13;\n<li>Forum or discussion area<\/li>&#13;\n<li>Comments<\/li>&#13;\n<li>Correspondence<\/li>&#13;\n<\/ul>&#13;\n<p><strong>Cookies\u00a0<\/strong><\/p>&#13;\n<p>We collect certain information through cookies. This is mainly the following information:<\/p>&#13;\n<ul>&#13;\n<li>IP address<\/li>&#13;\n<li>Visited pages and requests<\/li>&#13;\n<li>Connection time and day<\/li>&#13;\n<\/ul>&#13;\n<p>The use of such files allows us to:<\/p>&#13;\n<ul>&#13;\n<li>Improvement of our website<\/li>&#13;\n<li>To compile statistics on visits<\/li>&#13;\n<\/ul>&#13;\n<p><strong>Right of opposition and withdrawal<\/strong><\/p>&#13;\n<p>We are committed to offering you a right of objection and withdrawal regarding your personal information.<br\/>The right of opposition is understood as being the possibility offered to Internet users to refuse that their personal information be used for certain purposes mentioned during the collection.<\/p>&#13;\n<p>The right of withdrawal is understood to be the possibility offered to Internet users to request that their personal information no longer appear, for example, in a mailing list.<\/p>&#13;\n<p>To exercise these rights, you can send us an email to the following address: contact@agenceanicca.com<\/p>&#13;\n<p><strong>Right of access <\/strong><\/p>&#13;\n<p>We undertake to recognize a right of access and rectification to the persons concerned wishing to consult, modify, or even delete information concerning them.<br\/>The exercise of this right will be done at the following address: contact@agenceanicca.com<\/p>&#13;\n<p><strong>Security <\/strong><\/p>&#13;\n<p>The personal information we collect is kept in a secure environment. People working for us are required to respect the confidentiality of your information.<br\/>To ensure the security of your personal information, we use the following measures:<\/p>&#13;\n<ul>&#13;\n<li>Secure Sockets Layer (SSL) protocol<\/li>&#13;\n<li>Access management &#8211; authorized person<\/li>&#13;\n<li>Computer backup<\/li>&#13;\n<li>Username \/ password<\/li>&#13;\n<\/ul>&#13;\n<p>We are committed to maintaining a high degree of confidentiality by incorporating the latest technological innovations to ensure the confidentiality of your transactions. However, since no mechanism offers maximum security, there is always a risk involved when using the Internet to transmit personal information.<\/p>&#13;\n<p><strong>Legislation <\/strong><\/p>&#13;\n<p>We are committed to complying with the legislative provisions set out in the Privacy Act in Canada.<\/p>&#13;\n<p>\u00a0<\/p>&#13;\n<p><strong>Derni\u00e8re mise \u00e0 jour le 1 mai 2020<\/strong><br \/>\nBienvenue sur le site de l\u2019INHO.<br \/>\nDevant le d\u00e9veloppement des nouveaux outils de communication, il est n\u00e9cessaire de porter une attention particuli\u00e8re \u00e0 la protection de la vie priv\u00e9e. C&rsquo;est pourquoi, nous nous engageons \u00e0 respecter la confidentialit\u00e9 des renseignements personnels que nous collectons.<br \/>\nCollecte des renseignements personnels<br \/>\nNous collectons les renseignements suivants :<br \/>\n\u2022 Nom<br \/>\n\u2022 Pr\u00e9nom<br \/>\n\u2022 Adresse \u00e9lectronique<br \/>\n\u2022 Num\u00e9ro de t\u00e9l\u00e9phone<br \/>\nLes renseignements personnels que nous collectons sont recueillis au travers de formulaires et gr\u00e2ce \u00e0 l&rsquo;interactivit\u00e9 \u00e9tablie entre vous et notre site Web. Nous utilisons \u00e9galement, comme indiqu\u00e9 dans la section suivante, des fichiers t\u00e9moins et\/ou journaux pour r\u00e9unir des informations vous concernant.<br \/>\nFormulaires et interactivit\u00e9:<br \/>\nVos renseignements personnels sont collect\u00e9s par le biais de formulaire, \u00e0 savoir :<br \/>\n\u2022 Formulaire d&rsquo;inscription au site Web<br \/>\nNous utilisons les renseignements ainsi collect\u00e9s pour les finalit\u00e9s suivantes :<br \/>\n\u2022 Statistiques<br \/>\n\u2022 Contact<br \/>\n\u2022 Gestion du site Web (pr\u00e9sentation, organisation)<br \/>\nVos renseignements sont \u00e9galement collect\u00e9s par le biais de l&rsquo;interactivit\u00e9 pouvant s&rsquo;\u00e9tablir entre vous et notre site Web et ce, de la fa\u00e7on suivante:<br \/>\n\u2022 Statistiques<br \/>\n\u2022 Contact<br \/>\n\u2022 Gestion du site Web (pr\u00e9sentation, organisation)<br \/>\nNous utilisons les renseignements ainsi collect\u00e9s pour les finalit\u00e9s suivantes :<br \/>\n\u2022 Forum ou aire de discussion<br \/>\n\u2022 Commentaires<br \/>\n\u2022 Correspondance<br \/>\nFichiers t\u00e9moins<br \/>\nNous recueillons certaines informations par le biais de fichiers t\u00e9moins (cookies). Il s&rsquo;agit principalement des informations suivantes :<br \/>\n\u2022 Adresse IP<br \/>\n\u2022 Pages visit\u00e9es et requ\u00eates<br \/>\n\u2022 Heure et jour de connexion<br \/>\nLe recours \u00e0 de tels fichiers nous permet :<br \/>\n\u2022 L&rsquo;am\u00e9lioration de notre site web<br \/>\n\u2022 De compiler des statistiques sur les visites<br \/>\nDroit d&rsquo;opposition et de retrait<br \/>\nNous nous engageons \u00e0 vous offrir un droit d&rsquo;opposition et de retrait quant \u00e0 vos renseignements personnels.<br \/>\nLe droit d&rsquo;opposition s&rsquo;entend comme \u00e9tant la possibilit\u00e9 offerte aux internautes de refuser que leurs renseignements personnels soient utilis\u00e9s \u00e0 certaines fins mentionn\u00e9es lors de la collecte.<br \/>\nLe droit de retrait s&rsquo;entend comme \u00e9tant la possibilit\u00e9 offerte aux internautes de demander \u00e0 ce que leurs renseignements personnels ne figurent plus, par exemple, dans une liste de diffusion.<br \/>\nPour pouvoir exercer ces droits, vous pouvez nous envoyer un courriel \u00e0 l\u2019adresse suivante :<br \/>\ncontact@agenceanicca.com<br \/>\nDroit d&rsquo;acc\u00e8s<br \/>\nNous nous engageons \u00e0 reconna\u00eetre un droit d&rsquo;acc\u00e8s et de rectification aux personnes concern\u00e9es d\u00e9sireuses de consulter, modifier, voire radier les informations les concernant.<br \/>\nL&rsquo;exercice de ce droit se fera \u00e0 l\u2019adresse suivante :<br \/>\nCourriel : contact@agenceanicca.com<br \/>\nS\u00e9curit\u00e9<br \/>\nLes renseignements personnels que nous collectons sont conserv\u00e9s dans un environnement s\u00e9curis\u00e9. Les personnes travaillant pour nous sont tenues de respecter la confidentialit\u00e9 de vos informations.<br \/>\nPour assurer la s\u00e9curit\u00e9 de vos renseignements personnels, nous avons recours aux mesures suivantes :<br \/>\n\u2022 Protocole SSL (Secure Sockets Layer)<br \/>\n\u2022 Gestion des acc\u00e8s &#8211; personne autoris\u00e9e<br \/>\n\u2022 Sauvegarde informatique<br \/>\n\u2022 Identifiant \/ mot de passe<br \/>\nNous nous engageons \u00e0 maintenir un haut degr\u00e9 de confidentialit\u00e9 en int\u00e9grant les derni\u00e8res innovations technologiques permettant d&rsquo;assurer la confidentialit\u00e9 de vos transactions. Toutefois, comme aucun m\u00e9canisme n&rsquo;offre une s\u00e9curit\u00e9 maximale, une part de risque est toujours pr\u00e9sente lorsque l&rsquo;on utilise Internet pour transmettre des renseignements personnels.<br \/>\nL\u00e9gislation<br \/>\nNous nous engageons \u00e0 respecter les dispositions l\u00e9gislatives \u00e9nonc\u00e9es dans la Loi sur la protection des renseignements personnels au Canada.<\/p>\n","protected":false},"excerpt":{"rendered":"<p>&#13; Last updated on May 1, 2020 &#13; Welcome to the INHO website.Faced with the development of new communication tools, it is necessary to pay particular attention to the protection of privacy. That is why we are committed to respecting the confidentiality of the personal information we collect. &#13; Collection of personal information &#13; We [&hellip;]<\/p>\n","protected":false},"author":1,"featured_media":1520,"parent":0,"menu_order":0,"comment_status":"closed","ping_status":"open","template":"","meta":{"footnotes":""},"class_list":["post-1722","page","type-page","status-publish","has-post-thumbnail","hentry"],"yoast_head":"<!-- This site is optimized with the Yoast SEO plugin v19.10 - https:\/\/yoast.com\/wordpress\/plugins\/seo\/ -->\n<title>Politique de confidentialit\u00e9 - INHO<\/title>\n<meta name=\"description\" content=\"Bienvenue sur le site de l\u2019INHO. Devant le d\u00e9veloppement des nouveaux outils de communication, il est n\u00e9cessaire de porter une attention particuli\u00e8re \u00e0 la protection de la vie priv\u00e9e.\" \/>\n<meta name=\"robots\" content=\"index, follow, max-snippet:-1, max-image-preview:large, max-video-preview:-1\" \/>\n<link rel=\"canonical\" href=\"https:\/\/investirdanslhomme.org\/fr\/politique-de-confidentialite\/\" \/>\n<meta property=\"og:locale\" content=\"fr_FR\" \/>\n<meta property=\"og:type\" content=\"article\" \/>\n<meta property=\"og:title\" content=\"Politique de confidentialit\u00e9 - INHO\" \/>\n<meta property=\"og:description\" content=\"Bienvenue sur le site de l\u2019INHO. Devant le d\u00e9veloppement des nouveaux outils de communication, il est n\u00e9cessaire de porter une attention particuli\u00e8re \u00e0 la protection de la vie priv\u00e9e.\" \/>\n<meta property=\"og:url\" content=\"https:\/\/investirdanslhomme.org\/fr\/politique-de-confidentialite\/\" \/>\n<meta property=\"og:site_name\" content=\"INHO\" \/>\n<meta property=\"article:modified_time\" content=\"2021-10-07T20:28:25+00:00\" \/>\n<meta property=\"og:image\" content=\"https:\/\/investirdanslhomme.org\/wp-content\/uploads\/2021\/09\/INHO.jpg\" \/>\n\t<meta property=\"og:image:width\" content=\"1200\" \/>\n\t<meta property=\"og:image:height\" content=\"628\" \/>\n\t<meta property=\"og:image:type\" content=\"image\/jpeg\" \/>\n<meta name=\"twitter:card\" content=\"summary_large_image\" \/>\n<meta name=\"twitter:label1\" content=\"Dur\u00e9e de lecture estim\u00e9e\" \/>\n\t<meta name=\"twitter:data1\" content=\"8 minutes\" \/>\n<script type=\"application\/ld+json\" class=\"yoast-schema-graph\">{\"@context\":\"https:\/\/schema.org\",\"@graph\":[{\"@type\":\"WebPage\",\"@id\":\"https:\/\/investirdanslhomme.org\/fr\/politique-de-confidentialite\/\",\"url\":\"https:\/\/investirdanslhomme.org\/fr\/politique-de-confidentialite\/\",\"name\":\"Politique de confidentialit\u00e9 - INHO\",\"isPartOf\":{\"@id\":\"https:\/\/investirdanslhomme.org\/fr\/#website\"},\"datePublished\":\"2021-10-03T14:28:23+00:00\",\"dateModified\":\"2021-10-07T20:28:25+00:00\",\"description\":\"Bienvenue sur le site de l\u2019INHO. Devant le d\u00e9veloppement des nouveaux outils de communication, il est n\u00e9cessaire de porter une attention particuli\u00e8re \u00e0 la protection de la vie priv\u00e9e.\",\"breadcrumb\":{\"@id\":\"https:\/\/investirdanslhomme.org\/fr\/politique-de-confidentialite\/#breadcrumb\"},\"inLanguage\":\"fr-FR\",\"potentialAction\":[{\"@type\":\"ReadAction\",\"target\":[\"https:\/\/investirdanslhomme.org\/fr\/politique-de-confidentialite\/\"]}]},{\"@type\":\"BreadcrumbList\",\"@id\":\"https:\/\/investirdanslhomme.org\/fr\/politique-de-confidentialite\/#breadcrumb\",\"itemListElement\":[{\"@type\":\"ListItem\",\"position\":1,\"name\":\"Home\",\"item\":\"https:\/\/investirdanslhomme.org\/fr\/\"},{\"@type\":\"ListItem\",\"position\":2,\"name\":\"Politique de confidentialit\u00e9\"}]},{\"@type\":\"WebSite\",\"@id\":\"https:\/\/investirdanslhomme.org\/fr\/#website\",\"url\":\"https:\/\/investirdanslhomme.org\/fr\/\",\"name\":\"INHO\",\"description\":\"Investir dans l&#039;homme\",\"potentialAction\":[{\"@type\":\"SearchAction\",\"target\":{\"@type\":\"EntryPoint\",\"urlTemplate\":\"https:\/\/investirdanslhomme.org\/fr\/?s={search_term_string}\"},\"query-input\":\"required name=search_term_string\"}],\"inLanguage\":\"fr-FR\"}]}<\/script>\n<!-- \/ Yoast SEO plugin. -->","yoast_head_json":{"title":"Politique de confidentialit\u00e9 - INHO","description":"Bienvenue sur le site de l\u2019INHO. Devant le d\u00e9veloppement des nouveaux outils de communication, il est n\u00e9cessaire de porter une attention particuli\u00e8re \u00e0 la protection de la vie priv\u00e9e.","robots":{"index":"index","follow":"follow","max-snippet":"max-snippet:-1","max-image-preview":"max-image-preview:large","max-video-preview":"max-video-preview:-1"},"canonical":"https:\/\/investirdanslhomme.org\/fr\/politique-de-confidentialite\/","og_locale":"fr_FR","og_type":"article","og_title":"Politique de confidentialit\u00e9 - INHO","og_description":"Bienvenue sur le site de l\u2019INHO. Devant le d\u00e9veloppement des nouveaux outils de communication, il est n\u00e9cessaire de porter une attention particuli\u00e8re \u00e0 la protection de la vie priv\u00e9e.","og_url":"https:\/\/investirdanslhomme.org\/fr\/politique-de-confidentialite\/","og_site_name":"INHO","article_modified_time":"2021-10-07T20:28:25+00:00","og_image":[{"width":1200,"height":628,"url":"https:\/\/investirdanslhomme.org\/wp-content\/uploads\/2021\/09\/INHO.jpg","type":"image\/jpeg"}],"twitter_card":"summary_large_image","twitter_misc":{"Dur\u00e9e de lecture estim\u00e9e":"8 minutes"},"schema":{"@context":"https:\/\/schema.org","@graph":[{"@type":"WebPage","@id":"https:\/\/investirdanslhomme.org\/fr\/politique-de-confidentialite\/","url":"https:\/\/investirdanslhomme.org\/fr\/politique-de-confidentialite\/","name":"Politique de confidentialit\u00e9 - INHO","isPartOf":{"@id":"https:\/\/investirdanslhomme.org\/fr\/#website"},"datePublished":"2021-10-03T14:28:23+00:00","dateModified":"2021-10-07T20:28:25+00:00","description":"Bienvenue sur le site de l\u2019INHO. Devant le d\u00e9veloppement des nouveaux outils de communication, il est n\u00e9cessaire de porter une attention particuli\u00e8re \u00e0 la protection de la vie priv\u00e9e.","breadcrumb":{"@id":"https:\/\/investirdanslhomme.org\/fr\/politique-de-confidentialite\/#breadcrumb"},"inLanguage":"fr-FR","potentialAction":[{"@type":"ReadAction","target":["https:\/\/investirdanslhomme.org\/fr\/politique-de-confidentialite\/"]}]},{"@type":"BreadcrumbList","@id":"https:\/\/investirdanslhomme.org\/fr\/politique-de-confidentialite\/#breadcrumb","itemListElement":[{"@type":"ListItem","position":1,"name":"Home","item":"https:\/\/investirdanslhomme.org\/fr\/"},{"@type":"ListItem","position":2,"name":"Politique de confidentialit\u00e9"}]},{"@type":"WebSite","@id":"https:\/\/investirdanslhomme.org\/fr\/#website","url":"https:\/\/investirdanslhomme.org\/fr\/","name":"INHO","description":"Investir dans l&#039;homme","potentialAction":[{"@type":"SearchAction","target":{"@type":"EntryPoint","urlTemplate":"https:\/\/investirdanslhomme.org\/fr\/?s={search_term_string}"},"query-input":"required name=search_term_string"}],"inLanguage":"fr-FR"}]}},"_links":{"self":[{"href":"https:\/\/investirdanslhomme.org\/fr\/wp-json\/wp\/v2\/pages\/1722","targetHints":{"allow":["GET"]}}],"collection":[{"href":"https:\/\/investirdanslhomme.org\/fr\/wp-json\/wp\/v2\/pages"}],"about":[{"href":"https:\/\/investirdanslhomme.org\/fr\/wp-json\/wp\/v2\/types\/page"}],"author":[{"embeddable":true,"href":"https:\/\/investirdanslhomme.org\/fr\/wp-json\/wp\/v2\/users\/1"}],"replies":[{"embeddable":true,"href":"https:\/\/investirdanslhomme.org\/fr\/wp-json\/wp\/v2\/comments?post=1722"}],"version-history":[{"count":9,"href":"https:\/\/investirdanslhomme.org\/fr\/wp-json\/wp\/v2\/pages\/1722\/revisions"}],"predecessor-version":[{"id":1813,"href":"https:\/\/investirdanslhomme.org\/fr\/wp-json\/wp\/v2\/pages\/1722\/revisions\/1813"}],"wp:featuredmedia":[{"embeddable":true,"href":"https:\/\/investirdanslhomme.org\/fr\/wp-json\/wp\/v2\/media\/1520"}],"wp:attachment":[{"href":"https:\/\/investirdanslhomme.org\/fr\/wp-json\/wp\/v2\/media?parent=1722"}],"curies":[{"name":"wp","href":"https:\/\/api.w.org\/{rel}","templated":true}]}}